{"id":13,"date":"2023-06-30T16:42:56","date_gmt":"2023-06-30T16:42:56","guid":{"rendered":"https:\/\/relaxed-banach.185-137-51-246.plesk.page\/?page_id=13"},"modified":"2023-06-30T16:42:56","modified_gmt":"2023-06-30T16:42:56","slug":"cennik","status":"publish","type":"page","link":"https:\/\/relaxed-banach.185-137-51-246.plesk.page\/index.php\/cennik\/","title":{"rendered":"Cennik"},"content":{"rendered":"\n<p><strong>Akceptujemy p\u0142atno\u015bci<\/strong><\/p>\n<p><a href=\"https:\/\/korcala.pl\/wp-content\/uploads\/2013\/02\/s-l300.jpg\" class=\"cboxElement\"><img loading=\"lazy\" decoding=\"async\" class=\"alignright wp-image-116\" src=\"https:\/\/korcala.pl\/wp-content\/uploads\/2013\/02\/s-l300.jpg\" alt=\"s-l300\" width=\"115\" height=\"150\"><\/a><\/p>\n<p>\u2013 got\u00f3wk\u0105<a href=\"https:\/\/korcala.pl\/wp-content\/uploads\/2013\/02\/pobrany-plik.png\" class=\"cboxElement\"><img decoding=\"async\" loading=\"lazy\" class=\"alignright wp-image-115 size-thumbnail\" src=\"https:\/\/korcala.pl\/wp-content\/uploads\/2013\/02\/pobrany-plik-150x150.png\" alt=\"pobrany plik\" width=\"150\" height=\"150\" srcset=\"https:\/\/korcala.pl\/wp-content\/uploads\/2013\/02\/pobrany-plik-150x150.png 150w, https:\/\/korcala.pl\/wp-content\/uploads\/2013\/02\/pobrany-plik-100x100.png 100w, https:\/\/korcala.pl\/wp-content\/uploads\/2013\/02\/pobrany-plik.png 225w\" sizes=\"auto, (max-width: 150px) 100vw, 150px\"><\/a><\/p>\n<p>\u2013 kartami p\u0142atniczymi<\/p>\n<p>\u2013 Wsp\u00f3\u0142pracujemy z MediRaty<\/p>\n\n<table width=\"416\" cellspacing=\"0\">\n<tbody>\n<tr>\n<td align=\"left\" valign=\"bottom\">\n<p class=\"Normalny\"><b><span style=\"font-family: 'Calibri'; font-weight: bold;\">Stomatologia zachowawcza<\/span><\/b><\/p>\n<\/td>\n<td align=\"right\" valign=\"bottom\"><\/td>\n<\/tr>\n<tr>\n<td align=\"left\" valign=\"bottom\">\n<p class=\"Normalny\"><span style=\"font-family: 'Calibri';\">Przegl\u0105d i wst\u0119pny plan leczenia<\/span><\/p>\n<\/td>\n<td align=\"right\" valign=\"bottom\">\n<p class=\"Normalny\" style=\"text-align: right;\" align=\"right\"><span style=\"font-family: 'Calibri';\">150<\/span><\/p>\n<\/td>\n<\/tr>\n<tr>\n<td align=\"left\" valign=\"bottom\">\n<p class=\"Normalny\"><span style=\"font-family: 'Calibri';\">Wype\u0142nienie<\/span><\/p>\n<\/td>\n<td align=\"right\" valign=\"bottom\">\n<p class=\"Normalny\" style=\"text-align: right;\" align=\"right\"><span style=\"font-family: 'Calibri';\"> Od 300<\/span><\/p>\n<\/td>\n<\/tr>\n<tr>\n<td align=\"left\" valign=\"bottom\">\n<p class=\"Normalny\"><span style=\"font-family: 'Calibri';\">Wype\u0142nienie przyszyjkowe (bez gwarancji)<\/span><\/p>\n<\/td>\n<td align=\"right\" valign=\"bottom\">\n<p class=\"Normalny\" style=\"text-align: right;\" align=\"right\"><span style=\"font-family: 'Calibri';\"> Od 200<\/span><\/p>\n<\/td>\n<\/tr>\n<tr>\n<td align=\"left\" valign=\"bottom\">\n<p class=\"Normalny\"><span style=\"font-family: 'Calibri';\">Opatrunek leczniczy <\/span><\/p>\n<\/td>\n<td align=\"right\" valign=\"bottom\">\n<p class=\"Normalny\" style=\"text-align: right;\" align=\"right\"><span style=\"font-family: 'Calibri';\">250<\/span><\/p>\n<\/td>\n<\/tr>\n<tr>\n<td align=\"left\" valign=\"bottom\">\n<p class=\"Normalny\"><span style=\"font-family: 'Calibri';\">Leczenie nadwra\u017cliwo\u015bci<\/span><\/p>\n<\/td>\n<td align=\"right\" valign=\"bottom\">\n<p class=\"Normalny\" style=\"text-align: right;\" align=\"right\"><span style=\"font-family: 'Calibri';\">150<\/span><\/p>\n<\/td>\n<\/tr>\n<tr>\n<td align=\"left\" valign=\"bottom\">\n<p class=\"Normalny\"><b><span style=\"font-family: 'Calibri'; font-weight: bold;\">Stomatologia Dzieci\u0119ca<\/span><\/b><\/p>\n<\/td>\n<td align=\"right\" valign=\"bottom\"><\/td>\n<\/tr>\n<tr>\n<td align=\"left\" valign=\"bottom\">\n<p class=\"Normalny\"><span style=\"font-family: 'Calibri';\">Wizyta adaptacyjna<\/span><\/p>\n<\/td>\n<td align=\"right\" valign=\"bottom\">\n<p class=\"Normalny\" style=\"text-align: right;\" align=\"right\"><span style=\"font-family: 'Calibri';\">150<\/span><\/p>\n<\/td>\n<\/tr>\n<tr>\n<td align=\"left\" valign=\"bottom\">\n<p class=\"Normalny\"><span style=\"font-family: 'Calibri';\">Przegl\u0105d i instrukta\u017c higieny<\/span><\/p>\n<\/td>\n<td align=\"right\" valign=\"bottom\">\n<p class=\"Normalny\" style=\"text-align: right;\" align=\"right\"><span style=\"font-family: 'Calibri';\">200<\/span><\/p>\n<\/td>\n<\/tr>\n<tr>\n<td align=\"left\" valign=\"bottom\">\n<p class=\"Normalny\"><span style=\"font-family: 'Calibri';\">Wype\u0142nienie<\/span><\/p>\n<\/td>\n<td align=\"right\" valign=\"bottom\">\n<p class=\"Normalny\" style=\"text-align: right;\" align=\"right\"><span style=\"font-family: 'Calibri';\"> Od 200<\/span><\/p>\n<\/td>\n<\/tr>\n<tr>\n<td align=\"left\" valign=\"bottom\">\n<p class=\"Normalny\"><span style=\"font-family: 'Calibri';\">Ekstrakcja z\u0119ba mlecznego<\/span><\/p>\n<\/td>\n<td align=\"right\" valign=\"bottom\">\n<p class=\"Normalny\" style=\"text-align: right;\" align=\"right\"><span style=\"font-family: 'Calibri';\"> Od 250<\/span><\/p>\n<\/td>\n<\/tr>\n<tr>\n<td align=\"left\" valign=\"bottom\">\n<p class=\"Normalny\"><span style=\"font-family: 'Calibri';\">Lakowanie z\u0119ba sta\u0142ego 6<\/span><\/p>\n<\/td>\n<td align=\"right\" valign=\"bottom\">\n<p class=\"Normalny\" style=\"text-align: right;\" align=\"right\"><span style=\"font-family: 'Calibri';\">300<\/span><\/p>\n<\/td>\n<\/tr>\n<tr>\n<td align=\"left\" valign=\"bottom\">\n<p class=\"Normalny\"><span style=\"font-family: 'Calibri';\">Lakierowanie (fluoryzacja) <\/span><\/p>\n<\/td>\n<td align=\"right\" valign=\"bottom\">\n<p class=\"Normalny\" style=\"text-align: right;\" align=\"right\"><span style=\"font-family: 'Calibri';\"> 100\/\u0142uk<\/span><\/p>\n<\/td>\n<\/tr>\n<tr>\n<td align=\"left\" valign=\"bottom\">\n<p class=\"Normalny\"><span style=\"font-family: 'Calibri';\">Leczenie endo z\u0119ba mlecznego <\/span><\/p>\n<\/td>\n<td align=\"right\" valign=\"bottom\">\n<p class=\"Normalny\" style=\"text-align: right;\" align=\"right\"><span style=\"font-family: 'Calibri';\">400<\/span><\/p>\n<\/td>\n<\/tr>\n<tr>\n<td align=\"left\" valign=\"bottom\">\n<p class=\"Normalny\"><span style=\"font-family: 'Calibri';\">Plastyka w\u0119dzide\u0142ka j\u0119zyka<\/span><\/p>\n<\/td>\n<td align=\"right\" valign=\"bottom\">\n<p class=\"Normalny\" style=\"text-align: right;\" align=\"right\"><span style=\"font-family: 'Calibri';\">350<\/span><\/p>\n<\/td>\n<\/tr>\n<tr>\n<td align=\"left\" valign=\"bottom\">\n<p class=\"Normalny\"><span style=\"font-family: 'Calibri';\">Plastyka w\u0119dzide\u0142ka wargi<\/span><\/p>\n<\/td>\n<td align=\"right\" valign=\"bottom\">\n<p class=\"Normalny\" style=\"text-align: right;\" align=\"right\"><span style=\"font-family: 'Calibri';\"> 500-600<\/span><\/p>\n<\/td>\n<\/tr>\n<tr>\n<td align=\"left\" valign=\"bottom\">\n<p class=\"Normalny\"><b><span style=\"font-family: 'Calibri'; font-weight: bold;\">Profilaktyka stomatologiczna<\/span><\/b><\/p>\n<\/td>\n<td align=\"right\" valign=\"bottom\"><\/td>\n<\/tr>\n<tr>\n<td align=\"left\" valign=\"bottom\">\n<p class=\"Normalny\"><span style=\"font-family: 'Calibri';\">Usuni\u0119cie kamienia<\/span><\/p>\n<\/td>\n<td align=\"right\" valign=\"bottom\">\n<p class=\"Normalny\" style=\"text-align: right;\" align=\"right\"><span style=\"font-family: 'Calibri';\">300<\/span><\/p>\n<\/td>\n<\/tr>\n<tr>\n<td align=\"left\" valign=\"bottom\">\n<p class=\"Normalny\"><span style=\"font-family: 'Calibri';\">Kireta\u017c 1 \u0142uk<\/span><\/p>\n<\/td>\n<td align=\"right\" valign=\"bottom\">\n<p class=\"Normalny\" style=\"text-align: right;\" align=\"right\"><span style=\"font-family: 'Calibri';\"> Od 500<\/span><\/p>\n<\/td>\n<\/tr>\n<tr>\n<td align=\"left\" valign=\"bottom\">\n<p class=\"Normalny\"><b><span style=\"font-family: 'Calibri'; font-weight: bold;\">Periodontologia<\/span><\/b><\/p>\n<\/td>\n<td align=\"right\" valign=\"bottom\"><\/td>\n<\/tr>\n<tr>\n<td align=\"left\" valign=\"bottom\">\n<p class=\"Normalny\"><span style=\"font-family: 'Calibri';\">Przykrycie recesji<\/span><\/p>\n<\/td>\n<td align=\"right\" valign=\"bottom\">\n<p class=\"Normalny\" style=\"text-align: right;\" align=\"right\"><span style=\"font-family: 'Calibri';\"> Od 1500<\/span><\/p>\n<\/td>\n<\/tr>\n<tr>\n<td align=\"left\" valign=\"bottom\">\n<p class=\"Normalny\"><span style=\"font-family: 'Calibri';\">Augmentacja tkanek mi\u0119kkich (pogrubienie dzi\u0105s\u0142a)<\/span><\/p>\n<\/td>\n<td align=\"right\" valign=\"bottom\">\n<p class=\"Normalny\" style=\"text-align: right;\" align=\"right\"><span style=\"font-family: 'Calibri';\"> Od 1500<\/span><\/p>\n<\/td>\n<\/tr>\n<tr>\n<td align=\"left\" valign=\"bottom\">\n<p class=\"Normalny\"><span style=\"font-family: 'Calibri';\">Przeszczep dzi\u0105s\u0142a<\/span><\/p>\n<\/td>\n<td align=\"right\" valign=\"bottom\">\n<p class=\"Normalny\" style=\"text-align: right;\" align=\"right\"><span style=\"font-family: 'Calibri';\"> Od 2500<\/span><\/p>\n<\/td>\n<\/tr>\n<tr>\n<td align=\"left\" valign=\"bottom\">\n<p class=\"Normalny\"><span style=\"font-family: 'Calibri';\">Wyci\u0119cie kieszonek dzi\u0105s\u0142owych podczas leczenia<\/span><\/p>\n<\/td>\n<td align=\"right\" valign=\"bottom\">\n<p class=\"Normalny\" style=\"text-align: right;\" align=\"right\"><span style=\"font-family: 'Calibri';\"> od 300\/z\u0105b<\/span><\/p>\n<\/td>\n<\/tr>\n<tr>\n<td align=\"left\" valign=\"bottom\">\n<p class=\"Normalny\"><span style=\"font-family: 'Calibri';\">Leczenie zaawansowanej choroby przyz\u0119bia<\/span><\/p>\n<\/td>\n<td align=\"right\" valign=\"bottom\">\n<p class=\"Normalny\" style=\"text-align: right;\" align=\"right\"><span style=\"font-family: 'Calibri';\"> 150z\u0142\/wizyta<\/span><\/p>\n<\/td>\n<\/tr>\n<tr>\n<td align=\"left\" valign=\"bottom\">\n<p class=\"Normalny\"><b><span style=\"font-family: 'Calibri'; font-weight: bold;\">Ortodoncja<\/span><\/b><\/p>\n<\/td>\n<td align=\"right\" valign=\"bottom\"><\/td>\n<\/tr>\n<tr>\n<td align=\"left\" valign=\"bottom\">\n<p class=\"Normalny\"><span style=\"font-family: 'Calibri';\">Wizyta konsultacyjna<\/span><\/p>\n<\/td>\n<td align=\"right\" valign=\"bottom\">\n<p class=\"Normalny\" style=\"text-align: right;\" align=\"right\"><span style=\"font-family: 'Calibri';\">200<\/span><\/p>\n<\/td>\n<\/tr>\n<tr>\n<td align=\"left\" valign=\"bottom\">\n<p class=\"Normalny\"><span style=\"font-family: 'Calibri';\">Aparat sta\u0142y metalowy<\/span><\/p>\n<\/td>\n<td align=\"right\" valign=\"bottom\">\n<p class=\"Normalny\" style=\"text-align: right;\" align=\"right\"><span style=\"font-family: 'Calibri';\">2400<\/span><\/p>\n<\/td>\n<\/tr>\n<tr>\n<td align=\"left\" valign=\"bottom\">\n<p class=\"Normalny\"><span style=\"font-family: 'Calibri';\">Aparat sta\u0142y samoligaturuj\u0105cy<\/span><\/p>\n<\/td>\n<td align=\"right\" valign=\"bottom\">\n<p class=\"Normalny\" style=\"text-align: right;\" align=\"right\"><span style=\"font-family: 'Calibri';\">3200<\/span><\/p>\n<\/td>\n<\/tr>\n<tr>\n<td align=\"left\" valign=\"bottom\">\n<p class=\"Normalny\"><span style=\"font-family: 'Calibri';\">Aparat wysoce estetyczny<\/span><\/p>\n<\/td>\n<td align=\"right\" valign=\"bottom\">\n<p class=\"Normalny\" style=\"text-align: right;\" align=\"right\"><span style=\"font-family: 'Calibri';\">3200<\/span><\/p>\n<\/td>\n<\/tr>\n<tr>\n<td align=\"left\" valign=\"bottom\">\n<p class=\"Normalny\"><span style=\"font-family: 'Calibri';\">Wizyta kontrolna aparatu sta\u0142ego<\/span><\/p>\n<\/td>\n<td align=\"right\" valign=\"bottom\">\n<p class=\"Normalny\" style=\"text-align: right;\" align=\"right\"><span style=\"font-family: 'Calibri';\">200<\/span><\/p>\n<\/td>\n<\/tr>\n<tr>\n<td align=\"left\" valign=\"bottom\">\n<p class=\"Normalny\"><span style=\"font-family: 'Calibri';\">Wizyta kontrolna aparatu samoligaturuj\u0105cego<\/span><\/p>\n<\/td>\n<td align=\"right\" valign=\"bottom\">\n<p class=\"Normalny\" style=\"text-align: right;\" align=\"right\"><span style=\"font-family: 'Calibri';\">250<\/span><\/p>\n<\/td>\n<\/tr>\n<tr>\n<td align=\"left\" valign=\"bottom\">\n<p class=\"Normalny\"><span style=\"font-family: 'Calibri';\">Przyklejenie nowego zamka po utracie<\/span><\/p>\n<\/td>\n<td align=\"right\" valign=\"bottom\">\n<p class=\"Normalny\" style=\"text-align: right;\" align=\"right\"><span style=\"font-family: 'Calibri';\">150<\/span><\/p>\n<\/td>\n<\/tr>\n<tr>\n<td align=\"left\" valign=\"bottom\">\n<p class=\"Normalny\"><span style=\"font-family: 'Calibri';\">Zdj\u0119cie zamk\u00f3w z jednego \u0142uku z retainerem<\/span><\/p>\n<\/td>\n<td align=\"right\" valign=\"bottom\">\n<p class=\"Normalny\" style=\"text-align: right;\" align=\"right\"><span style=\"font-family: 'Calibri';\">500<\/span><\/p>\n<\/td>\n<\/tr>\n<tr>\n<td align=\"left\" valign=\"bottom\">\n<p class=\"Normalny\"><span style=\"font-family: 'Calibri';\">Aparat sta\u0142y grubo\u0142ukowy (ekspander)<\/span><\/p>\n<\/td>\n<td align=\"right\" valign=\"bottom\">\n<p class=\"Normalny\" style=\"text-align: right;\" align=\"right\"><span style=\"font-family: 'Calibri';\">600<\/span><\/p>\n<\/td>\n<\/tr>\n<tr>\n<td align=\"left\" valign=\"bottom\">\n<p class=\"Normalny\"><span style=\"font-family: 'Calibri';\">Wizyta awaryjna (doci\u0119cie \u0142uku, uzupe\u0142nienie gumek)<\/span><\/p>\n<\/td>\n<td align=\"right\" valign=\"bottom\">\n<p class=\"Normalny\" style=\"text-align: right;\" align=\"right\"><span style=\"font-family: 'Calibri';\">50<\/span><\/p>\n<\/td>\n<\/tr>\n<tr>\n<td align=\"left\" valign=\"bottom\">\n<p class=\"Normalny\"><span style=\"font-family: 'Calibri';\">Wykonanie nowego retainera<\/span><\/p>\n<\/td>\n<td align=\"right\" valign=\"bottom\">\n<p class=\"Normalny\" style=\"text-align: right;\" align=\"right\"><span style=\"font-family: 'Calibri';\">300<\/span><\/p>\n<\/td>\n<\/tr>\n<tr>\n<td align=\"left\" valign=\"bottom\">\n<p class=\"Normalny\"><span style=\"font-family: 'Calibri';\">Zdj\u0119cie zamk\u00f3w bez wykonania retencji<\/span><\/p>\n<\/td>\n<td align=\"right\" valign=\"bottom\">\n<p class=\"Normalny\" style=\"text-align: right;\" align=\"right\"><span style=\"font-family: 'Calibri';\">300<\/span><\/p>\n<\/td>\n<\/tr>\n<tr>\n<td align=\"left\" valign=\"bottom\">\n<p class=\"Normalny\"><b><span style=\"font-family: 'Calibri'; font-weight: bold;\">Chirurgia stomatologiczna<\/span><\/b><\/p>\n<\/td>\n<td align=\"right\" valign=\"bottom\"><\/td>\n<\/tr>\n<tr>\n<td align=\"left\" valign=\"bottom\">\n<p class=\"Normalny\"><span style=\"font-family: 'Calibri';\">Usuni\u0119cie z\u0119ba<\/span><\/p>\n<\/td>\n<td align=\"right\" valign=\"bottom\">\n<p class=\"Normalny\" style=\"text-align: right;\" align=\"right\"><span style=\"font-family: 'Calibri';\"> Od 300<\/span><\/p>\n<\/td>\n<\/tr>\n<tr>\n<td align=\"left\" valign=\"bottom\">\n<p class=\"Normalny\"><span style=\"font-family: 'Calibri';\">D\u0142utowanie z\u0119ba m\u0105dro\u015bci<\/span><\/p>\n<\/td>\n<td align=\"right\" valign=\"bottom\">\n<p class=\"Normalny\" style=\"text-align: right;\" align=\"right\"><span style=\"font-family: 'Calibri';\"> Od 600<\/span><\/p>\n<\/td>\n<\/tr>\n<tr>\n<td align=\"left\" valign=\"bottom\">\n<p class=\"Normalny\"><span style=\"font-family: 'Calibri';\">Resekcja wierzcho\u0142ka korzenia<\/span><\/p>\n<\/td>\n<td align=\"right\" valign=\"bottom\">\n<p class=\"Normalny\" style=\"text-align: right;\" align=\"right\"><span style=\"font-family: 'Calibri';\"> Od 1200<\/span><\/p>\n<\/td>\n<\/tr>\n<tr>\n<td align=\"left\" valign=\"bottom\">\n<p class=\"Normalny\"><span style=\"font-family: 'Calibri';\">Usuni\u0119cie kaptura dzi\u0105s\u0142owego nad z\u0119bem m\u0105dro\u015bci<\/span><\/p>\n<\/td>\n<td align=\"right\" valign=\"bottom\">\n<p class=\"Normalny\" style=\"text-align: right;\" align=\"right\"><span style=\"font-family: 'Calibri';\">300<\/span><\/p>\n<\/td>\n<\/tr>\n<tr>\n<td align=\"left\" valign=\"bottom\">\n<p class=\"Normalny\"><b><span style=\"font-family: 'Calibri'; font-weight: bold;\">Implantologia<\/span><\/b><\/p>\n<\/td>\n<td align=\"right\" valign=\"bottom\"><\/td>\n<\/tr>\n<tr>\n<td align=\"left\" valign=\"bottom\">\n<p class=\"Normalny\"><span style=\"font-family: 'Calibri';\">Konsultacja<\/span><\/p>\n<\/td>\n<td align=\"right\" valign=\"bottom\">\n<p class=\"Normalny\" style=\"text-align: right;\" align=\"right\"><span style=\"font-family: 'Calibri';\">200<\/span><\/p>\n<\/td>\n<\/tr>\n<tr>\n<td align=\"left\" valign=\"bottom\">\n<p class=\"Normalny\"><span style=\"font-family: 'Calibri';\">Wszczepienie implantu<\/span><\/p>\n<\/td>\n<td align=\"right\" valign=\"bottom\">\n<p class=\"Normalny\" style=\"text-align: right;\" align=\"right\"><span style=\"font-family: 'Calibri';\">3500<\/span><\/p>\n<\/td>\n<\/tr>\n<tr>\n<td align=\"left\" valign=\"bottom\">\n<p class=\"Normalny\"><span style=\"font-family: 'Calibri';\">Ods\u0142oni\u0119cie implantu i \u015bruba goj\u0105ca<\/span><\/p>\n<\/td>\n<td align=\"right\" valign=\"bottom\">\n<p class=\"Normalny\" style=\"text-align: right;\" align=\"right\"><span style=\"font-family: 'Calibri';\">300<\/span><\/p>\n<\/td>\n<\/tr>\n<tr>\n<td align=\"left\" valign=\"bottom\">\n<p class=\"Normalny\"><span style=\"font-family: 'Calibri';\">Podniesienie dna zatoki szcz\u0119kowej<\/span><\/p>\n<\/td>\n<td align=\"right\" valign=\"bottom\">\n<p class=\"Normalny\" style=\"text-align: right;\" align=\"right\"><span style=\"font-family: 'Calibri';\"> Od 1500<\/span><\/p>\n<\/td>\n<\/tr>\n<tr>\n<td align=\"left\" valign=\"bottom\">\n<p class=\"Normalny\"><span style=\"font-family: 'Calibri';\">Odbudowa wyrostka z\u0119bodo\u0142owego <\/span><\/p>\n<\/td>\n<td align=\"right\" valign=\"bottom\">\n<p class=\"Normalny\" style=\"text-align: right;\" align=\"right\"><span style=\"font-family: 'Calibri';\"> Od 2500<\/span><\/p>\n<\/td>\n<\/tr>\n<tr>\n<td align=\"left\" valign=\"bottom\">\n<p class=\"Normalny\"><span style=\"font-family: 'Calibri';\">Prace kombinowane oparte na implantach<\/span><\/p>\n<\/td>\n<td align=\"right\" valign=\"bottom\">\n<p class=\"Normalny\" style=\"text-align: right;\" align=\"right\"><span style=\"font-family: 'Calibri';\">indywidualna<\/span><\/p>\n<\/td>\n<\/tr>\n<tr>\n<td align=\"left\" valign=\"bottom\">\n<p class=\"Normalny\"><b><span style=\"font-family: 'Calibri'; font-weight: bold;\">Protetyka stomatologiczna<\/span><\/b><\/p>\n<\/td>\n<td align=\"right\" valign=\"bottom\"><\/td>\n<\/tr>\n<tr>\n<td align=\"left\" valign=\"bottom\">\n<p class=\"Normalny\"><span style=\"font-family: 'Calibri';\">Konsultacja<\/span><\/p>\n<\/td>\n<td align=\"right\" valign=\"bottom\">\n<p class=\"Normalny\" style=\"text-align: right;\" align=\"right\"><span style=\"font-family: 'Calibri';\">200<\/span><\/p>\n<\/td>\n<\/tr>\n<tr>\n<td align=\"left\" valign=\"bottom\">\n<p class=\"Normalny\"><span style=\"font-family: 'Calibri';\">Korona metal-porcelana<\/span><\/p>\n<\/td>\n<td align=\"right\" valign=\"bottom\">\n<p class=\"Normalny\" style=\"text-align: right;\" align=\"right\"><span style=\"font-family: 'Calibri';\">1200<\/span><\/p>\n<\/td>\n<\/tr>\n<tr>\n<td align=\"left\" valign=\"bottom\">\n<p class=\"Normalny\"><span style=\"font-family: 'Calibri';\">Korona pe\u0142noceramiczna<\/span><\/p>\n<\/td>\n<td align=\"right\" valign=\"bottom\">\n<p class=\"Normalny\" style=\"text-align: right;\" align=\"right\"><span style=\"font-family: 'Calibri';\">1800<\/span><\/p>\n<\/td>\n<\/tr>\n<tr>\n<td align=\"left\" valign=\"bottom\">\n<p class=\"Normalny\"><span style=\"font-family: 'Calibri';\">Korona tymczasowa wykonana w gabinecie<\/span><\/p>\n<\/td>\n<td align=\"right\" valign=\"bottom\">\n<p class=\"Normalny\" style=\"text-align: right;\" align=\"right\"><span style=\"font-family: 'Calibri';\">200<\/span><\/p>\n<\/td>\n<\/tr>\n<tr>\n<td align=\"left\" valign=\"bottom\">\n<p class=\"Normalny\"><span style=\"font-family: 'Calibri';\">Korona tymczasowa laboratoryjna<\/span><\/p>\n<\/td>\n<td align=\"right\" valign=\"bottom\">\n<p class=\"Normalny\" style=\"text-align: right;\" align=\"right\"><span style=\"font-family: 'Calibri';\">400<\/span><\/p>\n<\/td>\n<\/tr>\n<tr>\n<td align=\"left\" valign=\"bottom\">\n<p class=\"Normalny\"><span style=\"font-family: 'Calibri';\">Zdj\u0119cie korony wymagaj\u0105cej zdj\u0119cia (starej)<\/span><\/p>\n<\/td>\n<td align=\"right\" valign=\"bottom\">\n<p class=\"Normalny\" style=\"text-align: right;\" align=\"right\"><span style=\"font-family: 'Calibri';\">200<\/span><\/p>\n<\/td>\n<\/tr>\n<tr>\n<td align=\"left\" valign=\"bottom\">\n<p class=\"Normalny\"><span style=\"font-family: 'Calibri';\">Wyd\u0142u\u017cenie korony klinicznej<\/span><\/p>\n<\/td>\n<td align=\"right\" valign=\"bottom\">\n<p class=\"Normalny\" style=\"text-align: right;\" align=\"right\"><span style=\"font-family: 'Calibri';\">300<\/span><\/p>\n<\/td>\n<\/tr>\n<tr>\n<td align=\"left\" valign=\"bottom\">\n<p class=\"Normalny\"><span style=\"font-family: 'Calibri';\">Lic\u00f3wka pe\u0142noceramiczna <\/span><\/p>\n<\/td>\n<td align=\"right\" valign=\"bottom\">\n<p class=\"Normalny\" style=\"text-align: right;\" align=\"right\"><span style=\"font-family: 'Calibri';\">1800<\/span><\/p>\n<\/td>\n<\/tr>\n<tr>\n<td align=\"left\" valign=\"bottom\">\n<p class=\"Normalny\"><span style=\"font-family: 'Calibri';\">Proteza szkieletowa <\/span><\/p>\n<\/td>\n<td align=\"right\" valign=\"bottom\">\n<p class=\"Normalny\" style=\"text-align: right;\" align=\"right\"><span style=\"font-family: 'Calibri';\">3200<\/span><\/p>\n<\/td>\n<\/tr>\n<tr>\n<td align=\"left\" valign=\"bottom\">\n<p class=\"Normalny\"><span style=\"font-family: 'Calibri';\">Deprogramator Koisa<\/span><\/p>\n<\/td>\n<td align=\"right\" valign=\"bottom\">\n<p class=\"Normalny\" style=\"text-align: right;\" align=\"right\"><span style=\"font-family: 'Calibri';\">500<\/span><\/p>\n<\/td>\n<\/tr>\n<tr>\n<td align=\"left\" valign=\"bottom\">\n<p class=\"Normalny\"><span style=\"font-family: 'Calibri';\">Wax up<\/span><\/p>\n<\/td>\n<td align=\"right\" valign=\"bottom\">\n<p class=\"Normalny\" style=\"text-align: right;\" align=\"right\"><span style=\"font-family: 'Calibri';\">500<\/span><\/p>\n<\/td>\n<\/tr>\n<tr>\n<td align=\"left\" valign=\"bottom\">\n<p class=\"Normalny\"><span style=\"font-family: 'Calibri';\">Odbudowa z\u0119ba pod leczenie protetyczne (w\u0142\u00f3kno)<\/span><\/p>\n<\/td>\n<td align=\"right\" valign=\"bottom\">\n<p class=\"Normalny\" style=\"text-align: right;\" align=\"right\"><span style=\"font-family: 'Calibri';\">350<\/span><\/p>\n<\/td>\n<\/tr>\n<tr>\n<td align=\"left\" valign=\"bottom\">\n<p class=\"Normalny\"><b><span style=\"font-family: 'Calibri'; font-weight: bold;\">Wybielanie z\u0119b\u00f3w<\/span><\/b><\/p>\n<\/td>\n<td align=\"right\" valign=\"bottom\"><\/td>\n<\/tr>\n<tr>\n<td align=\"left\" valign=\"bottom\">\n<p class=\"Normalny\"><span style=\"font-family: 'Calibri';\">Metoda nak\u0142adkowa<\/span><\/p>\n<\/td>\n<td align=\"right\" valign=\"bottom\">\n<p class=\"Normalny\" style=\"text-align: right;\" align=\"right\"><span style=\"font-family: 'Calibri';\">800<\/span><\/p>\n<\/td>\n<\/tr>\n<tr>\n<td align=\"left\" valign=\"bottom\">\n<p class=\"Normalny\"><span style=\"font-family: 'Calibri';\">Metoda gabinetowa <\/span><\/p>\n<\/td>\n<td align=\"right\" valign=\"bottom\">\n<p class=\"Normalny\" style=\"text-align: right;\" align=\"right\"><span style=\"font-family: 'Calibri';\">1000<\/span><\/p>\n<\/td>\n<\/tr>\n<\/tbody>\n<\/table>\n\n<p>Ceny w cenniku s\u0105 orientacyjne i mog\u0105 r\u00f3\u017cni\u0107 si\u0119 od cen ostatecznych. Szczeg\u00f3\u0142ow\u0105 wycen\u0119 wykonujemy podczas konsultacji lekarskich, po wykonaniu dok\u0142adnego badania i planu leczenia.<\/p>\n<p><b><strong>Prace wykonane w tym gabinecie podlegaj\u0105 gwarancji z nast\u0119puj\u0105cymi wykluczeniami:<\/strong><\/b><\/p>\n<ul>\n<li>wype\u0142nie\u0144 przyszyjkowych<\/li>\n<li>wype\u0142nie\u0144 dzieci\u0119cych<\/li>\n<\/ul>\n","protected":false},"excerpt":{"rendered":"<p>Akceptujemy p\u0142atno\u015bci \u2013 got\u00f3wk\u0105 \u2013 kartami p\u0142atniczymi \u2013 Wsp\u00f3\u0142pracujemy z MediRaty Stomatologia zachowawcza Przegl\u0105d i wst\u0119pny plan leczenia 150 Wype\u0142nienie Od 300 Wype\u0142nienie przyszyjkowe (bez gwarancji) Od 200 Opatrunek leczniczy 250 Leczenie nadwra\u017cliwo\u015bci 150 Stomatologia Dzieci\u0119ca Wizyta adaptacyjna 150 Przegl\u0105d i instrukta\u017c higieny 200 Wype\u0142nienie Od 200 Ekstrakcja z\u0119ba mlecznego Od 250 Lakowanie z\u0119ba sta\u0142ego [&hellip;]<\/p>\n","protected":false},"author":1,"featured_media":0,"parent":0,"menu_order":0,"comment_status":"closed","ping_status":"closed","template":"","meta":{"footnotes":""},"class_list":["post-13","page","type-page","status-publish","hentry"],"_links":{"self":[{"href":"https:\/\/relaxed-banach.185-137-51-246.plesk.page\/index.php\/wp-json\/wp\/v2\/pages\/13","targetHints":{"allow":["GET"]}}],"collection":[{"href":"https:\/\/relaxed-banach.185-137-51-246.plesk.page\/index.php\/wp-json\/wp\/v2\/pages"}],"about":[{"href":"https:\/\/relaxed-banach.185-137-51-246.plesk.page\/index.php\/wp-json\/wp\/v2\/types\/page"}],"author":[{"embeddable":true,"href":"https:\/\/relaxed-banach.185-137-51-246.plesk.page\/index.php\/wp-json\/wp\/v2\/users\/1"}],"replies":[{"embeddable":true,"href":"https:\/\/relaxed-banach.185-137-51-246.plesk.page\/index.php\/wp-json\/wp\/v2\/comments?post=13"}],"version-history":[{"count":3,"href":"https:\/\/relaxed-banach.185-137-51-246.plesk.page\/index.php\/wp-json\/wp\/v2\/pages\/13\/revisions"}],"predecessor-version":[{"id":16,"href":"https:\/\/relaxed-banach.185-137-51-246.plesk.page\/index.php\/wp-json\/wp\/v2\/pages\/13\/revisions\/16"}],"wp:attachment":[{"href":"https:\/\/relaxed-banach.185-137-51-246.plesk.page\/index.php\/wp-json\/wp\/v2\/media?parent=13"}],"curies":[{"name":"wp","href":"https:\/\/api.w.org\/{rel}","templated":true}]}}