{"id":19,"date":"2023-06-30T16:44:57","date_gmt":"2023-06-30T16:44:57","guid":{"rendered":"https:\/\/relaxed-banach.185-137-51-246.plesk.page\/?page_id=19"},"modified":"2023-06-30T16:44:57","modified_gmt":"2023-06-30T16:44:57","slug":"kontakt","status":"publish","type":"page","link":"https:\/\/relaxed-banach.185-137-51-246.plesk.page\/index.php\/kontakt\/","title":{"rendered":"Kontakt"},"content":{"rendered":"\n<p><strong>Adres gabinetu:<\/strong><\/p>\n<p>ul. Biernackiego 26<\/p>\n<p>Gda\u0144sk Che\u0142m<\/p>\n<p><strong>gabinet czynny:<\/strong><\/p>\n<p>od poniedzia\u0142ku do pi\u0105tku w godzinach: 10.00 \u2013 18.00<\/p>\n<p><strong>rejestracja telefoniczna:<\/strong><\/p>\n<p>+48 535 555 838<\/p>\n","protected":false},"excerpt":{"rendered":"<p>Adres gabinetu: ul. Biernackiego 26 Gda\u0144sk Che\u0142m gabinet czynny: od poniedzia\u0142ku do pi\u0105tku w godzinach: 10.00 \u2013 18.00 rejestracja telefoniczna: +48 535 555 838<\/p>\n","protected":false},"author":1,"featured_media":0,"parent":0,"menu_order":0,"comment_status":"closed","ping_status":"closed","template":"","meta":{"footnotes":""},"class_list":["post-19","page","type-page","status-publish","hentry"],"_links":{"self":[{"href":"https:\/\/relaxed-banach.185-137-51-246.plesk.page\/index.php\/wp-json\/wp\/v2\/pages\/19","targetHints":{"allow":["GET"]}}],"collection":[{"href":"https:\/\/relaxed-banach.185-137-51-246.plesk.page\/index.php\/wp-json\/wp\/v2\/pages"}],"about":[{"href":"https:\/\/relaxed-banach.185-137-51-246.plesk.page\/index.php\/wp-json\/wp\/v2\/types\/page"}],"author":[{"embeddable":true,"href":"https:\/\/relaxed-banach.185-137-51-246.plesk.page\/index.php\/wp-json\/wp\/v2\/users\/1"}],"replies":[{"embeddable":true,"href":"https:\/\/relaxed-banach.185-137-51-246.plesk.page\/index.php\/wp-json\/wp\/v2\/comments?post=19"}],"version-history":[{"count":1,"href":"https:\/\/relaxed-banach.185-137-51-246.plesk.page\/index.php\/wp-json\/wp\/v2\/pages\/19\/revisions"}],"predecessor-version":[{"id":20,"href":"https:\/\/relaxed-banach.185-137-51-246.plesk.page\/index.php\/wp-json\/wp\/v2\/pages\/19\/revisions\/20"}],"wp:attachment":[{"href":"https:\/\/relaxed-banach.185-137-51-246.plesk.page\/index.php\/wp-json\/wp\/v2\/media?parent=19"}],"curies":[{"name":"wp","href":"https:\/\/api.w.org\/{rel}","templated":true}]}}